{"id":7,"date":"2026-04-22T16:32:26","date_gmt":"2026-04-22T14:32:26","guid":{"rendered":"https:\/\/dev.siaepaca.fr\/?page_id=7"},"modified":"2026-04-28T14:49:26","modified_gmt":"2026-04-28T12:49:26","slug":"accueil","status":"publish","type":"page","link":"https:\/\/dev.siaepaca.fr\/?page_id=7","title":{"rendered":"Accueil"},"content":{"rendered":"\t\t<div data-elementor-type=\"wp-post\" data-elementor-id=\"7\" class=\"elementor elementor-7\">\n\t\t\t\t<div class=\"elementor-element elementor-element-5e3888d e-flex e-con-boxed wpr-particle-no wpr-jarallax-no wpr-parallax-no wpr-sticky-section-no wpr-equal-height-no e-con e-parent\" data-id=\"5e3888d\" data-element_type=\"container\" data-e-type=\"container\" data-settings=\"{&quot;background_background&quot;:&quot;classic&quot;}\">\n\t\t\t\t\t<div class=\"e-con-inner\">\n\t\t\t\t<div class=\"elementor-element elementor-element-83d06db elementor-widget elementor-widget-spacer\" data-id=\"83d06db\" data-element_type=\"widget\" data-e-type=\"widget\" data-widget_type=\"spacer.default\">\n\t\t\t\t\t\t\t<div class=\"elementor-spacer\">\n\t\t\t<div class=\"elementor-spacer-inner\"><\/div>\n\t\t<\/div>\n\t\t\t\t\t\t<\/div>\n\t\t\t\t\t\t\t<h2 \n\t\tdata-interaction-id=\"900edb8\" \n\t\tclass=\"e-900edb8-02762fa e-heading-base\" \n\t\t \n\t\t\n\t>\n\t\n\t\t\tLes r\u00e9seaux de l'insertion en <br>Provence Alpes C\u00f4te d'Azur\n\t\t<\/h2>\n\t\t\t\t<div class=\"elementor-element elementor-element-70e3bac elementor-widget elementor-widget-spacer\" data-id=\"70e3bac\" data-element_type=\"widget\" data-e-type=\"widget\" data-widget_type=\"spacer.default\">\n\t\t\t\t\t\t\t<div class=\"elementor-spacer\">\n\t\t\t<div class=\"elementor-spacer-inner\"><\/div>\n\t\t<\/div>\n\t\t\t\t\t\t<\/div>\n\t\t\t\t\t<\/div>\n\t\t\t\t<\/div>\n\t\t<div class=\"elementor-element elementor-element-4fdbe82 e-flex e-con-boxed wpr-particle-no wpr-jarallax-no wpr-parallax-no wpr-sticky-section-no wpr-equal-height-no e-con e-parent\" data-id=\"4fdbe82\" data-element_type=\"container\" data-e-type=\"container\">\n\t\t\t\t\t<div class=\"e-con-inner\">\n\t\t\t\t<div class=\"elementor-element elementor-element-ab8c697 e-con e-atomic-element e-flexbox-base e-ab8c697-a6ab7e5 margin\" data-id=\"ab8c697\" data-element_type=\"e-flexbox\" data-e-type=\"e-flexbox\" data-interaction-id=\"ab8c697\">\n\t\t\t\t\t\t\t<h2 \n\t\tdata-interaction-id=\"050acd8\" \n\t\tclass=\"e-heading-base\" \n\t\t \n\t\t\n\t>\n\t\n\t\t\tLES MARCHES PUBLICS\n\t\t<\/h2>\n\t\t\t\t<div class=\"elementor-element elementor-element-69684a1 e-con e-atomic-element e-flexbox-base\" data-id=\"69684a1\" data-element_type=\"e-flexbox\" data-e-type=\"e-flexbox\" data-interaction-id=\"69684a1\">\n\t\t\t\t<div class=\"elementor-element elementor-element-7ef1fff elementor-widget elementor-widget-wpr-separator\" data-id=\"7ef1fff\" data-element_type=\"widget\" data-e-type=\"widget\" data-widget_type=\"wpr-separator.default\">\n\t\t\t\t\t<div class=\"wpr-separator-outer-wrap\">        <div class=\"wpr-separator-wrap\">\n            <div class=\"line-before\">\n                                    <hr>\n                            <\/div>\n\n            \n            <div class=\"line-after\">\n                                    <hr>\n                            <\/div>\n        <\/div>\n\n        <\/div>\t\t\t\t<\/div>\n\t\t\t\t<div class=\"elementor-element elementor-element-31a9f3d e-con e-atomic-element e-flexbox-base e-31a9f3d-3d01ddd\" data-id=\"31a9f3d\" data-element_type=\"e-flexbox\" data-e-type=\"e-flexbox\" data-interaction-id=\"31a9f3d\">\n\t\t\t\t\t\t\t\t<p class=\"e-paragraph-base\" data-interaction-id=\"baa534a\"  >\n\t\t\t\t\t\t\t\ta<br>a<br>a<br>a<br>a\n\t\t\t\t\t<\/p>\n\t\t\t\t\t\t\t\t<p class=\"e-paragraph-base\" data-interaction-id=\"7e015cc\"  >\n\t\t\t\t\t\t\t\tSaisissez ici votre paragraphe\n\t\t\t\t\t<\/p>\n\t\t\t\t<\/div>\n\t\t\t\t<\/div>\n\t\t\t\t\t    \t            <button class=\"e-1fb89ca-7fecf95 e-button-base\" data-interaction-id=\"1fb89ca\"  >\n            D\u00e9couvrez nos appels d'offres\n        <\/button>\n    \t\t\t\t<\/div>\n\t\t\t\t<div class=\"elementor-element elementor-element-a45a879 e-con e-atomic-element e-flexbox-base e-a45a879-b9e631f margin\" data-id=\"a45a879\" data-element_type=\"e-flexbox\" data-e-type=\"e-flexbox\" data-interaction-id=\"a45a879\">\n\t\t\t\t\t\t\t<h2 \n\t\tdata-interaction-id=\"ad946dd\" \n\t\tclass=\"e-ad946dd-c75a6af e-heading-base\" \n\t\t \n\t\t\n\t>\n\t\n\t\t\tTROUVER UNE<br>STRUCTURE INCLUSIVE\n\t\t<\/h2>\n\t\t\t\t\t    \t            <button class=\"e-ee2017e-eb6112d e-button-base\" data-interaction-id=\"ee2017e\"  >\n            Trouver une structure\n        <\/button>\n    \t\t\t\t<\/div>\n\t\t\t\t<div class=\"elementor-element elementor-element-4d63cae e-con e-atomic-element e-flexbox-base e-4d63cae-95a6dd7 margin\" data-id=\"4d63cae\" data-element_type=\"e-flexbox\" data-e-type=\"e-flexbox\" data-interaction-id=\"4d63cae\">\n\t\t\t\t\t\t\t<h2 \n\t\tdata-interaction-id=\"684bbbc\" \n\t\tclass=\"e-684bbbc-167ae17 e-heading-base\" \n\t\t \n\t\t\n\t>\n\t\n\t\t\tAGENDA\n\t\t<\/h2>\n\t\t<div class=\"elementor-element elementor-element-2edd132 e-flex e-con-boxed wpr-particle-no wpr-jarallax-no wpr-parallax-no wpr-sticky-section-no wpr-equal-height-no e-con e-parent\" data-id=\"2edd132\" data-element_type=\"container\" data-e-type=\"container\">\n\t\t\t\t\t<div class=\"e-con-inner\">\n\t\t\t\t\t<\/div>\n\t\t\t\t<\/div>\n\t\t\t\t\t    \t            <button class=\"e-792b41a-c377b5b e-button-base\" data-interaction-id=\"792b41a\"  >\n            VOIR PLUS\n        <\/button>\n    \t\t\t\t<\/div>\n\t\t\t\t\t<\/div>\n\t\t\t\t<\/div>\n\t\t<div class=\"elementor-element elementor-element-d495d89 e-flex e-con-boxed wpr-particle-no wpr-jarallax-no wpr-parallax-no wpr-sticky-section-no wpr-equal-height-no e-con e-parent\" data-id=\"d495d89\" data-element_type=\"container\" data-e-type=\"container\" data-settings=\"{&quot;background_background&quot;:&quot;classic&quot;}\">\n\t\t\t\t\t<div class=\"e-con-inner\">\n\t\t\t\t<div class=\"elementor-element elementor-element-0e695a0 elementor-widget elementor-widget-heading\" data-id=\"0e695a0\" data-element_type=\"widget\" data-e-type=\"widget\" data-widget_type=\"heading.default\">\n\t\t\t\t\t<h4 class=\"elementor-heading-title elementor-size-default\">NOTRE STRUCTURE<\/h4>\t\t\t\t<\/div>\n\t\t\t\t<div class=\"elementor-element elementor-element-90f2ca4 e-con e-atomic-element e-flexbox-base e-90f2ca4-76a506a\" data-id=\"90f2ca4\" data-element_type=\"e-flexbox\" data-e-type=\"e-flexbox\" data-interaction-id=\"90f2ca4\">\n\t\t\t\t<div class=\"elementor-element elementor-element-b5c8a53 elementor-widget elementor-widget-image\" data-id=\"b5c8a53\" data-element_type=\"widget\" data-e-type=\"widget\" data-widget_type=\"image.default\">\n\t\t\t\t\t\t\t\t\t\t\t\t\t\t\t<img decoding=\"async\" width=\"300\" height=\"90\" src=\"https:\/\/dev.siaepaca.fr\/wp-content\/uploads\/2026\/04\/image-5.png\" class=\"attachment-large size-large wp-image-164\" alt=\"\" \/>\t\t\t\t\t\t\t\t\t\t\t\t\t\t\t<\/div>\n\t\t\t\t\t\t\t\n\t\t\t<img class=\"e-image-base \" \n\t\t\t\t\tdata-interaction-id=\"1db1000\" \n\t\t \n\t\t \n\t\t\t\t\t\t\t\t\tid=\"162\"\n\t\t\t\t\t\t\t\t\t\t\t\tsrc=\"https:\/\/dev.siaepaca.fr\/wp-content\/uploads\/2026\/04\/image-6.png\"\n\t\t\t\t\t\t\t\t\t\t\t\twidth=\"300\"\n\t\t\t\t\t\t\t\t\t\t\t\theight=\"90\"\n\t\t\t\t\t\t\t\t\t\t\t\tsrcset=\"\"\n\t\t\t\t\t\t\t\t\t\t\t\talt=\"\"\n\t\t\t\t\t\t\/>\n\t\t\t\t\t\t\t\t\n\t\t\t<img class=\"e-image-base e-51f1b9e-71b68ff\" \n\t\t\t\t\tdata-interaction-id=\"51f1b9e\" \n\t\t \n\t\t \n\t\t\t\t\t\t\t\t\tid=\"163\"\n\t\t\t\t\t\t\t\t\t\t\t\tsrc=\"https:\/\/dev.siaepaca.fr\/wp-content\/uploads\/2026\/04\/image-7.png\"\n\t\t\t\t\t\t\t\t\t\t\t\twidth=\"300\"\n\t\t\t\t\t\t\t\t\t\t\t\theight=\"103\"\n\t\t\t\t\t\t\t\t\t\t\t\tsrcset=\"\"\n\t\t\t\t\t\t\t\t\t\t\t\talt=\"\"\n\t\t\t\t\t\t\/>\n\t\t\t\t\t<\/div>\n\t\t\t\t\t<\/div>\n\t\t\t\t<\/div>\n\t\t\t\t<div class=\"elementor-element elementor-element-024791e e-con e-atomic-element e-flexbox-base\" data-id=\"024791e\" data-element_type=\"e-flexbox\" data-e-type=\"e-flexbox\" data-interaction-id=\"024791e\">\n\t\t\t\t<div class=\"elementor-element elementor-element-feaf2c3 elementor-widget elementor-widget-wpr-separator\" data-id=\"feaf2c3\" data-element_type=\"widget\" data-e-type=\"widget\" data-widget_type=\"wpr-separator.default\">\n\t\t\t\t\t<div class=\"wpr-separator-outer-wrap\">        <div class=\"wpr-separator-wrap\">\n            <div class=\"line-before\">\n                                    <hr>\n                            <\/div>\n\n            \n            <div class=\"line-after\">\n                                    <hr>\n                            <\/div>\n        <\/div>\n\n        <\/div>\t\t\t\t<\/div>\n\t\t\t\t<\/div>\n\t\t<div class=\"elementor-element elementor-element-d3f337c e-flex e-con-boxed wpr-particle-no wpr-jarallax-no wpr-parallax-no wpr-sticky-section-no wpr-equal-height-no e-con e-parent\" data-id=\"d3f337c\" data-element_type=\"container\" data-e-type=\"container\" data-settings=\"{&quot;background_background&quot;:&quot;classic&quot;}\">\n\t\t\t\t\t<div class=\"e-con-inner\">\n\t\t\t\t<div class=\"elementor-element elementor-element-6e2d963 elementor-widget elementor-widget-heading\" data-id=\"6e2d963\" data-element_type=\"widget\" data-e-type=\"widget\" data-widget_type=\"heading.default\">\n\t\t\t\t\t<h2 class=\"elementor-heading-title elementor-size-default\">QUI SOMMES-NOUS<\/h2>\t\t\t\t<\/div>\n\t\t\t\t<div class=\"elementor-element elementor-element-4dea586 e-con e-atomic-element e-flexbox-base e-4dea586-773d438\" data-id=\"4dea586\" data-element_type=\"e-flexbox\" data-e-type=\"e-flexbox\" data-interaction-id=\"4dea586\">\n\t\t\t\t<div class=\"elementor-element elementor-element-362bf82 e-con e-atomic-element e-flexbox-base e-362bf82-7058229\" data-id=\"362bf82\" data-element_type=\"e-flexbox\" data-e-type=\"e-flexbox\" data-interaction-id=\"362bf82\">\n\t\t\t\t\t\t\t\t<p class=\"e-1c4bbb6-0afda01 e-paragraph-base\" data-interaction-id=\"1c4bbb6\"  >\n\t\t\t\t\t\t\t\tCHANTIER \u00e9cole PACA,&nbsp;La f\u00e9d\u00e9ration des entreprises d\u2019insertion PACA&nbsp;et&nbsp;COORACE PACA&nbsp;sont 3 r\u00e9seaux d\u00e9di\u00e9s au d\u00e9veloppement de l\u2019Insertion par l\u2019Activit\u00e9 Economique (IAE)&nbsp;en Provence-Alpes-C\u00f4te d\u2019Azur.<br><br>Les 3 r\u00e9seaux travaillent en \u00e9troite collaboration depuis 2015 au service des Structures d\u2019Insertion par l\u2019Activit\u00e9 Economique (SIAE) de la r\u00e9gion.<br><br>L\u2019objectif des SIAE est l\u2019accompagnement et l\u2019insertion socioprofessionnelle des personnes en difficult\u00e9&nbsp;via les situations de travail qu\u2019elles proposent.\n\t\t\t\t\t<\/p>\n\t\t\t\t<\/div>\n\t\t\t\t<div class=\"elementor-element elementor-element-3035d0d e-con e-atomic-element e-flexbox-base\" data-id=\"3035d0d\" data-element_type=\"e-flexbox\" data-e-type=\"e-flexbox\" data-interaction-id=\"3035d0d\">\n\t\t\t\t\t\t\t\t\t<div data-id=\"b9f7e67\" data-interaction-id=\"b9f7e67\" data-e-type=\"e-youtube\"  class=\"e-b9f7e67-3f89b76 e-youtube-base\"  data-settings=\"&#x7B;&quot;source&quot;&#x3A;&quot;https&#x3A;&#x5C;&#x2F;&#x5C;&#x2F;www.youtube.com&#x5C;&#x2F;watch&#x3F;v&#x3D;_pFZnNhY3oI&quot;,&quot;autoplay&quot;&#x3A;false,&quot;mute&quot;&#x3A;false,&quot;controls&quot;&#x3A;true,&quot;cc_load_policy&quot;&#x3A;false,&quot;loop&quot;&#x3A;false,&quot;rel&quot;&#x3A;true,&quot;start&quot;&#x3A;null,&quot;end&quot;&#x3A;null,&quot;privacy&quot;&#x3A;false,&quot;lazyload&quot;&#x3A;false&#x7D;\"><\/div>\n\t\t\t\t<\/div>\n\t\t\t\t<\/div>\n\t\t\t\t\t    \t            <button class=\"e-afbce1d-0ed886d e-button-base\" data-interaction-id=\"afbce1d\"  >\n            EN SAVOIR PLUS\n        <\/button>\n    \t\t\t\t\t<\/div>\n\t\t\t\t<\/div>\n\t\t\t\t<div class=\"elementor-element elementor-element-d1a41e3 e-con e-atomic-element e-flexbox-base\" data-id=\"d1a41e3\" data-element_type=\"e-flexbox\" data-e-type=\"e-flexbox\" data-interaction-id=\"d1a41e3\">\n\t\t\t\t<div class=\"elementor-element elementor-element-438200f elementor-widget elementor-widget-wpr-separator\" data-id=\"438200f\" data-element_type=\"widget\" data-e-type=\"widget\" data-widget_type=\"wpr-separator.default\">\n\t\t\t\t\t<div class=\"wpr-separator-outer-wrap\">        <div class=\"wpr-separator-wrap\">\n            <div class=\"line-before\">\n                                    <hr>\n                            <\/div>\n\n            \n            <div class=\"line-after\">\n                                    <hr>\n                            <\/div>\n        <\/div>\n\n        <\/div>\t\t\t\t<\/div>\n\t\t\t\t<\/div>\n\t\t<div class=\"elementor-element elementor-element-7a9a422 e-flex e-con-boxed wpr-particle-no wpr-jarallax-no wpr-parallax-no wpr-sticky-section-no wpr-equal-height-no e-con e-parent\" data-id=\"7a9a422\" data-element_type=\"container\" data-e-type=\"container\" data-settings=\"{&quot;background_background&quot;:&quot;classic&quot;}\">\n\t\t\t\t\t<div class=\"e-con-inner\">\n\t\t\t\t<div class=\"elementor-element elementor-element-6871f1f elementor-widget elementor-widget-heading\" data-id=\"6871f1f\" data-element_type=\"widget\" data-e-type=\"widget\" data-widget_type=\"heading.default\">\n\t\t\t\t\t<h2 class=\"elementor-heading-title elementor-size-default\">CHIFFRES CLES<\/h2>\t\t\t\t<\/div>\n\t\t\t\t<div class=\"elementor-element elementor-element-5e6522f e-con e-atomic-element e-flexbox-base e-5e6522f-9463b20\" data-id=\"5e6522f\" data-element_type=\"e-flexbox\" data-e-type=\"e-flexbox\" data-interaction-id=\"5e6522f\">\n\t\t\t\t\t\t\t\n\t\t\t<img class=\"e-image-base \" \n\t\t\t\t\tdata-interaction-id=\"1edc7d8\" \n\t\t \n\t\t \n\t\t\t\t\t\t\t\t\tid=\"171\"\n\t\t\t\t\t\t\t\t\t\t\t\tsrc=\"https:\/\/dev.siaepaca.fr\/wp-content\/uploads\/2026\/04\/Group-9.png\"\n\t\t\t\t\t\t\t\t\t\t\t\twidth=\"411\"\n\t\t\t\t\t\t\t\t\t\t\t\theight=\"143\"\n\t\t\t\t\t\t\t\t\t\t\t\tsrcset=\"https:\/\/dev.siaepaca.fr\/wp-content\/uploads\/2026\/04\/Group-9.png 411w, https:\/\/dev.siaepaca.fr\/wp-content\/uploads\/2026\/04\/Group-9-300x104.png 300w\"\n\t\t\t\t\t\t\t\t\t\t\t\talt=\"\"\n\t\t\t\t\t\t\/>\n\t\t\t\t\t\t\t\t\n\t\t\t<img class=\"e-image-base \" \n\t\t\t\t\tdata-interaction-id=\"02012be\" \n\t\t \n\t\t \n\t\t\t\t\t\t\t\t\tid=\"172\"\n\t\t\t\t\t\t\t\t\t\t\t\tsrc=\"https:\/\/dev.siaepaca.fr\/wp-content\/uploads\/2026\/04\/Group-10.png\"\n\t\t\t\t\t\t\t\t\t\t\t\twidth=\"411\"\n\t\t\t\t\t\t\t\t\t\t\t\theight=\"143\"\n\t\t\t\t\t\t\t\t\t\t\t\tsrcset=\"https:\/\/dev.siaepaca.fr\/wp-content\/uploads\/2026\/04\/Group-10.png 411w, https:\/\/dev.siaepaca.fr\/wp-content\/uploads\/2026\/04\/Group-10-300x104.png 300w\"\n\t\t\t\t\t\t\t\t\t\t\t\talt=\"\"\n\t\t\t\t\t\t\/>\n\t\t\t\t\t\t\t\t\n\t\t\t<img class=\"e-image-base \" \n\t\t\t\t\tdata-interaction-id=\"ea9ee38\" \n\t\t \n\t\t \n\t\t\t\t\t\t\t\t\tid=\"173\"\n\t\t\t\t\t\t\t\t\t\t\t\tsrc=\"https:\/\/dev.siaepaca.fr\/wp-content\/uploads\/2026\/04\/Group-11.png\"\n\t\t\t\t\t\t\t\t\t\t\t\twidth=\"411\"\n\t\t\t\t\t\t\t\t\t\t\t\theight=\"143\"\n\t\t\t\t\t\t\t\t\t\t\t\tsrcset=\"https:\/\/dev.siaepaca.fr\/wp-content\/uploads\/2026\/04\/Group-11.png 411w, https:\/\/dev.siaepaca.fr\/wp-content\/uploads\/2026\/04\/Group-11-300x104.png 300w\"\n\t\t\t\t\t\t\t\t\t\t\t\talt=\"\"\n\t\t\t\t\t\t\/>\n\t\t\t\t\t<\/div>\n\t\t\t\t\t<\/div>\n\t\t\t\t<\/div>\n\t\t\t\t<div class=\"elementor-element elementor-element-6b967aa e-con e-atomic-element e-flexbox-base\" data-id=\"6b967aa\" data-element_type=\"e-flexbox\" data-e-type=\"e-flexbox\" data-interaction-id=\"6b967aa\">\n\t\t\t\t<div class=\"elementor-element elementor-element-00dfece elementor-widget elementor-widget-wpr-separator\" data-id=\"00dfece\" data-element_type=\"widget\" data-e-type=\"widget\" data-widget_type=\"wpr-separator.default\">\n\t\t\t\t\t<div class=\"wpr-separator-outer-wrap\">        <div class=\"wpr-separator-wrap\">\n            <div class=\"line-before\">\n                                    <hr>\n                            <\/div>\n\n            \n            <div class=\"line-after\">\n                                    <hr>\n                            <\/div>\n        <\/div>\n\n        <\/div>\t\t\t\t<\/div>\n\t\t\t\t<\/div>\n\t\t<div class=\"elementor-element elementor-element-da0b4f5 e-flex e-con-boxed wpr-particle-no wpr-jarallax-no wpr-parallax-no wpr-sticky-section-no wpr-equal-height-no e-con e-parent\" data-id=\"da0b4f5\" data-element_type=\"container\" data-e-type=\"container\" data-settings=\"{&quot;background_background&quot;:&quot;classic&quot;}\">\n\t\t\t\t\t<div class=\"e-con-inner\">\n\t\t\t\t<div class=\"elementor-element elementor-element-36195df elementor-widget elementor-widget-heading\" data-id=\"36195df\" data-element_type=\"widget\" data-e-type=\"widget\" data-widget_type=\"heading.default\">\n\t\t\t\t\t<h2 class=\"elementor-heading-title elementor-size-default\">NOS ACTUALITES<\/h2>\t\t\t\t<\/div>\n\t\t\t\t<div class=\"elementor-element elementor-element-e1d383b e-con e-atomic-element e-flexbox-base\" data-id=\"e1d383b\" data-element_type=\"e-flexbox\" data-e-type=\"e-flexbox\" data-interaction-id=\"e1d383b\">\n\t\t\t\t<\/div>\n\t\t\t\t\t    \t            <button class=\"e-d27b869-aab7b8d e-button-base\" data-interaction-id=\"d27b869\"  >\n            VOIS PLUS\n        <\/button>\n    \t\t\t\t\t<\/div>\n\t\t\t\t<\/div>\n\t\t\t\t<\/div>\n\t\t","protected":false},"excerpt":{"rendered":"<p>Les r\u00e9seaux de l&rsquo;insertion en Provence Alpes C\u00f4te d&rsquo;Azur LES MARCHES PUBLICS aaaaa Saisissez ici votre paragraphe D\u00e9couvrez nos appels d&rsquo;offres TROUVER UNESTRUCTURE INCLUSIVE Trouver une structure AGENDA VOIR PLUS NOTRE STRUCTURE QUI SOMMES-NOUS CHANTIER \u00e9cole PACA,&nbsp;La f\u00e9d\u00e9ration des entreprises d\u2019insertion PACA&nbsp;et&nbsp;COORACE PACA&nbsp;sont 3 r\u00e9seaux d\u00e9di\u00e9s au d\u00e9veloppement de l\u2019Insertion par l\u2019Activit\u00e9 Economique (IAE)&nbsp;en Provence-Alpes-C\u00f4te d\u2019Azur. Les 3 r\u00e9seaux travaillent en \u00e9troite collaboration depuis 2015 au service des Structures d\u2019Insertion par l\u2019Activit\u00e9 Economique (SIAE) de la r\u00e9gion. L\u2019objectif des SIAE est l\u2019accompagnement et l\u2019insertion socioprofessionnelle des personnes en difficult\u00e9&nbsp;via les situations de travail qu\u2019elles proposent. EN SAVOIR PLUS CHIFFRES CLES NOS ACTUALITES VOIS PLUS<\/p>\n","protected":false},"author":1,"featured_media":0,"parent":0,"menu_order":0,"comment_status":"closed","ping_status":"closed","template":"elementor_canvas","meta":{"footnotes":""},"class_list":["post-7","page","type-page","status-publish","hentry"],"_links":{"self":[{"href":"https:\/\/dev.siaepaca.fr\/index.php?rest_route=\/wp\/v2\/pages\/7","targetHints":{"allow":["GET"]}}],"collection":[{"href":"https:\/\/dev.siaepaca.fr\/index.php?rest_route=\/wp\/v2\/pages"}],"about":[{"href":"https:\/\/dev.siaepaca.fr\/index.php?rest_route=\/wp\/v2\/types\/page"}],"author":[{"embeddable":true,"href":"https:\/\/dev.siaepaca.fr\/index.php?rest_route=\/wp\/v2\/users\/1"}],"replies":[{"embeddable":true,"href":"https:\/\/dev.siaepaca.fr\/index.php?rest_route=%2Fwp%2Fv2%2Fcomments&post=7"}],"version-history":[{"count":41,"href":"https:\/\/dev.siaepaca.fr\/index.php?rest_route=\/wp\/v2\/pages\/7\/revisions"}],"predecessor-version":[{"id":235,"href":"https:\/\/dev.siaepaca.fr\/index.php?rest_route=\/wp\/v2\/pages\/7\/revisions\/235"}],"wp:attachment":[{"href":"https:\/\/dev.siaepaca.fr\/index.php?rest_route=%2Fwp%2Fv2%2Fmedia&parent=7"}],"curies":[{"name":"wp","href":"https:\/\/api.w.org\/{rel}","templated":true}]}}